{"id":1798,"date":"2023-05-28T21:49:25","date_gmt":"2023-05-29T01:49:25","guid":{"rendered":"https:\/\/www.oggifoods.ca\/a-propos\/"},"modified":"2024-08-29T16:24:28","modified_gmt":"2024-08-29T20:24:28","slug":"a-propos","status":"publish","type":"page","link":"https:\/\/www.oggifoods.ca\/fr\/a-propos\/","title":{"rendered":"\u00c0 propos"},"content":{"rendered":"\t\t<div data-elementor-type=\"wp-page\" data-elementor-id=\"1798\" class=\"elementor elementor-1798 elementor-2\" data-elementor-post-type=\"page\">\n\t\t\t\t<div class=\"elementor-element elementor-element-5f7e6b0 e-flex e-con-boxed e-con e-parent\" data-id=\"5f7e6b0\" data-element_type=\"container\" data-settings=\"{&quot;background_background&quot;:&quot;classic&quot;}\">\n\t\t\t\t\t<div class=\"e-con-inner\">\n\t\t\t\t<div class=\"elementor-element elementor-element-9504885 jedv-enabled--yes elementor-widget elementor-widget-text-editor\" data-id=\"9504885\" data-element_type=\"widget\" data-widget_type=\"text-editor.default\">\n\t\t\t\t<div class=\"elementor-widget-container\">\n\t\t\t\t\t\t\t\t\t<h2>NOTRE HISTOIRE<\/h2>\n<h2><span style=\"color: #ffffff;\">COMMENT TOUT A COMMENC\u00c9<\/span><\/h2>\n\t\t\t\t\t\t\t\t<\/div>\n\t\t\t\t<\/div>\n\t\t\t\t\t<\/div>\n\t\t\t\t<\/div>\n\t\t<div class=\"elementor-element elementor-element-9cb7e70 e-flex e-con-boxed e-con e-parent\" data-id=\"9cb7e70\" data-element_type=\"container\">\n\t\t\t\t\t<div class=\"e-con-inner\">\n\t\t\t\t<div class=\"elementor-element elementor-element-501eb90 jedv-enabled--yes elementor-widget elementor-widget-text-editor\" data-id=\"501eb90\" data-element_type=\"widget\" data-widget_type=\"text-editor.default\">\n\t\t\t\t<div class=\"elementor-widget-container\">\n\t\t\t\t\t\t\t\t\t<p>Aliments italiens authentique <span style=\"color: #917852;\">sans gluten<\/span><\/p>\n\t\t\t\t\t\t\t\t<\/div>\n\t\t\t\t<\/div>\n\t\t\t\t<div class=\"elementor-element elementor-element-71a3f96 elementor-widget-divider--view-line elementor-widget elementor-widget-divider\" data-id=\"71a3f96\" data-element_type=\"widget\" data-widget_type=\"divider.default\">\n\t\t\t\t<div class=\"elementor-widget-container\">\n\t\t\t\t\t\t\t<div class=\"elementor-divider\">\n\t\t\t<span class=\"elementor-divider-separator\">\n\t\t\t\t\t\t<\/span>\n\t\t<\/div>\n\t\t\t\t\t\t<\/div>\n\t\t\t\t<\/div>\n\t\t<div class=\"elementor-element elementor-element-b9ed9fd e-con-full e-flex e-con e-child\" data-id=\"b9ed9fd\" data-element_type=\"container\">\n\t\t\t\t<div class=\"elementor-element elementor-element-27a600a jedv-enabled--yes elementor-widget elementor-widget-text-editor\" data-id=\"27a600a\" data-element_type=\"widget\" data-widget_type=\"text-editor.default\">\n\t\t\t\t<div class=\"elementor-widget-container\">\n\t\t\t\t\t\t\t\t\t<p>OGGI r\u00e9volutionne le march\u00e9 de la pizza italienne gourmande sans gluten. Nous sommes originaires de Naples, en Italie &#8211; la r\u00e9f\u00e9rence par excellence pour go\u00fbter les meilleures p\u00e2tes et pizzas. En nous inspirant de nos racines et de nos recettes napolitaines, nous avons r\u00e9ussi \u00e0 cr\u00e9er des saveurs italiennes traditionnelles en utilisant les meilleurs ingr\u00e9dients sans gluten ni OGM. Chaque cro\u00fbte est cuite sur pierre et \u00e9tir\u00e9e \u00e0 la main.   <\/p>\n\t\t\t\t\t\t\t\t<\/div>\n\t\t\t\t<\/div>\n\t\t\t\t<div class=\"elementor-element elementor-element-421d3eb jedv-enabled--yes elementor-widget elementor-widget-text-editor\" data-id=\"421d3eb\" data-element_type=\"widget\" data-widget_type=\"text-editor.default\">\n\t\t\t\t<div class=\"elementor-widget-container\">\n\t\t\t\t\t\t\t\t\t<p>OGGI pr\u00e9pare des produits surgel\u00e9s incomparables. Ils sont d\u00e9licieux, nutritifs et ne contiennent que des ingr\u00e9dients naturels. En combinant ses traditions italiennes et l&#8217;innovation moderne, OGGI a r\u00e9ussi \u00e0 cr\u00e9er la meilleure pizza sans gluten sur le march\u00e9! <\/p>\n\t\t\t\t\t\t\t\t<\/div>\n\t\t\t\t<\/div>\n\t\t\t\t<div class=\"elementor-element elementor-element-0a0f9bf jedv-enabled--yes elementor-widget elementor-widget-text-editor\" data-id=\"0a0f9bf\" data-element_type=\"widget\" data-widget_type=\"text-editor.default\">\n\t\t\t\t<div class=\"elementor-widget-container\">\n\t\t\t\t\t\t\t\t\t<h3>Le c\u0153ur d\u2019OGGI se trouve dans notre arme secr\u00e8te : la cro\u00fbte.<\/h3>\n\t\t\t\t\t\t\t\t<\/div>\n\t\t\t\t<\/div>\n\t\t\t\t<div class=\"elementor-element elementor-element-ca39df2 jedv-enabled--yes elementor-widget elementor-widget-text-editor\" data-id=\"ca39df2\" data-element_type=\"widget\" data-widget_type=\"text-editor.default\">\n\t\t\t\t<div class=\"elementor-widget-container\">\n\t\t\t\t\t\t\t\t\t<p>Une cro\u00fbte si parfaite, si savoureuse, jamais vous ne sauriez qu&#8217;elle est sans gluten. Nous sommes pass\u00e9s ma\u00eetres dans l\u2019art de pr\u00e9parer des pizzas qui r\u00e9pondent aux besoins alimentaires de nos clients tout en d\u00e9passant leurs attentes en mati\u00e8re de go\u00fbt. <\/p>\n\t\t\t\t\t\t\t\t<\/div>\n\t\t\t\t<\/div>\n\t\t\t\t<div class=\"elementor-element elementor-element-5a4933e jedv-enabled--yes elementor-widget elementor-widget-text-editor\" data-id=\"5a4933e\" data-element_type=\"widget\" data-widget_type=\"text-editor.default\">\n\t\t\t\t<div class=\"elementor-widget-container\">\n\t\t\t\t\t\t\t\t\t<p>Nos cro\u00fbtes sans gluten ont remport\u00e9 plusieurs prix gr\u00e2ce \u00e0 leurs poches d\u2019air qui gonflent lors de la cuisson &#8211; une premi\u00e8re dans l\u2019industrie.<\/p>\n\t\t\t\t\t\t\t\t<\/div>\n\t\t\t\t<\/div>\n\t\t\t\t<\/div>\n\t\t\t\t\t<\/div>\n\t\t\t\t<\/div>\n\t\t\t\t<\/div>\n\t\t","protected":false},"excerpt":{"rendered":"<p>NOTRE HISTOIRE COMMENT TOUT A COMMENC\u00c9 Aliments italiens authentique sans gluten OGGI r\u00e9volutionne le march\u00e9 de la pizza italienne gourmande sans gluten. Nous sommes originaires de Naples, en Italie &#8211; la r\u00e9f\u00e9rence par excellence pour go\u00fbter les meilleures p\u00e2tes et pizzas. En nous inspirant de nos racines et de nos recettes napolitaines, nous avons r\u00e9ussi [&hellip;]<\/p>\n","protected":false},"author":12,"featured_media":0,"parent":0,"menu_order":0,"comment_status":"closed","ping_status":"closed","template":"","meta":{"_acf_changed":false,"footnotes":""},"class_list":["post-1798","page","type-page","status-publish","hentry"],"acf":[],"aioseo_notices":[],"_links":{"self":[{"href":"https:\/\/www.oggifoods.ca\/fr\/wp-json\/wp\/v2\/pages\/1798","targetHints":{"allow":["GET"]}}],"collection":[{"href":"https:\/\/www.oggifoods.ca\/fr\/wp-json\/wp\/v2\/pages"}],"about":[{"href":"https:\/\/www.oggifoods.ca\/fr\/wp-json\/wp\/v2\/types\/page"}],"author":[{"embeddable":true,"href":"https:\/\/www.oggifoods.ca\/fr\/wp-json\/wp\/v2\/users\/12"}],"replies":[{"embeddable":true,"href":"https:\/\/www.oggifoods.ca\/fr\/wp-json\/wp\/v2\/comments?post=1798"}],"version-history":[{"count":3,"href":"https:\/\/www.oggifoods.ca\/fr\/wp-json\/wp\/v2\/pages\/1798\/revisions"}],"predecessor-version":[{"id":3402,"href":"https:\/\/www.oggifoods.ca\/fr\/wp-json\/wp\/v2\/pages\/1798\/revisions\/3402"}],"wp:attachment":[{"href":"https:\/\/www.oggifoods.ca\/fr\/wp-json\/wp\/v2\/media?parent=1798"}],"curies":[{"name":"wp","href":"https:\/\/api.w.org\/{rel}","templated":true}]}}