{"id":1821,"date":"2023-05-28T21:42:11","date_gmt":"2023-05-29T01:42:11","guid":{"rendered":"https:\/\/www.oggifoods.ca\/service-de-restauration\/"},"modified":"2024-09-02T19:30:49","modified_gmt":"2024-09-02T23:30:49","slug":"service-de-restauration","status":"publish","type":"page","link":"https:\/\/www.oggifoods.ca\/fr\/service-de-restauration\/","title":{"rendered":"Foodservice"},"content":{"rendered":"\t\t<div data-elementor-type=\"wp-page\" data-elementor-id=\"1821\" class=\"elementor elementor-1821 elementor-202\" data-elementor-post-type=\"page\">\n\t\t\t\t<div class=\"elementor-element elementor-element-aeec634 e-flex e-con-boxed e-con e-parent\" data-id=\"aeec634\" data-element_type=\"container\" data-settings=\"{&quot;background_background&quot;:&quot;classic&quot;}\">\n\t\t\t\t\t<div class=\"e-con-inner\">\n\t\t<div class=\"elementor-element elementor-element-aa9fa0d e-con-full e-flex e-con e-child\" data-id=\"aa9fa0d\" data-element_type=\"container\">\n\t\t\t\t<\/div>\n\t\t<div class=\"elementor-element elementor-element-75ff23d e-con-full e-flex e-con e-child\" data-id=\"75ff23d\" data-element_type=\"container\" data-settings=\"{&quot;background_background&quot;:&quot;classic&quot;}\">\n\t\t\t\t<div class=\"elementor-element elementor-element-7073de0 jedv-enabled--yes elementor-widget elementor-widget-heading\" data-id=\"7073de0\" data-element_type=\"widget\" data-widget_type=\"heading.default\">\n\t\t\t\t<div class=\"elementor-widget-container\">\n\t\t\t\t\t<h2 class=\"elementor-heading-title elementor-size-default\">Foodservice<\/h2>\t\t\t\t<\/div>\n\t\t\t\t<\/div>\n\t\t\t\t<div class=\"elementor-element elementor-element-cb5830a elementor-widget-divider--view-line elementor-widget elementor-widget-divider\" data-id=\"cb5830a\" data-element_type=\"widget\" data-widget_type=\"divider.default\">\n\t\t\t\t<div class=\"elementor-widget-container\">\n\t\t\t\t\t\t\t<div class=\"elementor-divider\">\n\t\t\t<span class=\"elementor-divider-separator\">\n\t\t\t\t\t\t<\/span>\n\t\t<\/div>\n\t\t\t\t\t\t<\/div>\n\t\t\t\t<\/div>\n\t\t\t\t<div class=\"elementor-element elementor-element-4fa0eba jedv-enabled--yes elementor-widget elementor-widget-text-editor\" data-id=\"4fa0eba\" data-element_type=\"widget\" data-widget_type=\"text-editor.default\">\n\t\t\t\t<div class=\"elementor-widget-container\">\n\t\t\t\t\t\t\t\t\t<p>En utilisant un m\u00e9lange de farine sans gluten et nos recettes familiales traditionnelles, nous avons cr\u00e9\u00e9 les meilleures pizzas surgel\u00e9es de style napolitain. Chaque pizza est \u00e9tir\u00e9e \u00e0 la main et cuite sur pierre, puis garnie d\u2019ingr\u00e9dients gourmets.<\/p>\n\t\t\t\t\t\t\t\t<\/div>\n\t\t\t\t<\/div>\n\t\t\t\t<\/div>\n\t\t<div class=\"elementor-element elementor-element-b7e5139 e-con-full e-flex e-con e-child\" data-id=\"b7e5139\" data-element_type=\"container\">\n\t\t\t\t<\/div>\n\t\t\t\t\t<\/div>\n\t\t\t\t<\/div>\n\t\t<div class=\"elementor-element elementor-element-a6d0e58 e-flex e-con-boxed e-con e-parent\" data-id=\"a6d0e58\" data-element_type=\"container\">\n\t\t\t\t\t<div class=\"e-con-inner\">\n\t\t\t\t<div class=\"elementor-element elementor-element-788918f elementor-widget elementor-widget-jet-listing-grid\" data-id=\"788918f\" data-element_type=\"widget\" data-settings=\"{&quot;columns&quot;:3,&quot;columns_tablet&quot;:&quot;1&quot;,&quot;columns_mobile&quot;:&quot;1&quot;}\" data-widget_type=\"jet-listing-grid.default\">\n\t\t\t\t<div class=\"elementor-widget-container\">\n\t\t\t\t\t<div class=\"jet-listing-grid jet-listing\"><div class=\"jet-listing-grid__items grid-col-desk-3 grid-col-tablet-1 grid-col-mobile-1 jet-listing-grid--949\" data-queried-id=\"1821|WP_Post\" data-cct-slug=\"food_service\" data-nav=\"{&quot;enabled&quot;:false,&quot;type&quot;:null,&quot;more_el&quot;:null,&quot;query&quot;:[],&quot;widget_settings&quot;:{&quot;lisitng_id&quot;:949,&quot;posts_num&quot;:6,&quot;columns&quot;:3,&quot;columns_tablet&quot;:1,&quot;columns_mobile&quot;:1,&quot;column_min_width&quot;:240,&quot;column_min_width_tablet&quot;:240,&quot;column_min_width_mobile&quot;:240,&quot;inline_columns_css&quot;:false,&quot;is_archive_template&quot;:&quot;&quot;,&quot;post_status&quot;:[&quot;publish&quot;],&quot;use_random_posts_num&quot;:&quot;&quot;,&quot;max_posts_num&quot;:9,&quot;not_found_message&quot;:&quot;Aucune donn\\u00e9e de disponible&quot;,&quot;is_masonry&quot;:false,&quot;equal_columns_height&quot;:&quot;&quot;,&quot;use_load_more&quot;:&quot;&quot;,&quot;load_more_id&quot;:&quot;&quot;,&quot;load_more_type&quot;:&quot;click&quot;,&quot;load_more_offset&quot;:{&quot;unit&quot;:&quot;px&quot;,&quot;size&quot;:0,&quot;sizes&quot;:[]},&quot;use_custom_post_types&quot;:&quot;&quot;,&quot;custom_post_types&quot;:[],&quot;hide_widget_if&quot;:&quot;&quot;,&quot;carousel_enabled&quot;:&quot;&quot;,&quot;slides_to_scroll&quot;:&quot;1&quot;,&quot;arrows&quot;:&quot;true&quot;,&quot;arrow_icon&quot;:&quot;fa fa-angle-left&quot;,&quot;dots&quot;:&quot;&quot;,&quot;autoplay&quot;:&quot;true&quot;,&quot;pause_on_hover&quot;:&quot;true&quot;,&quot;autoplay_speed&quot;:5000,&quot;infinite&quot;:&quot;true&quot;,&quot;center_mode&quot;:&quot;&quot;,&quot;effect&quot;:&quot;slide&quot;,&quot;speed&quot;:500,&quot;inject_alternative_items&quot;:&quot;&quot;,&quot;injection_items&quot;:[],&quot;scroll_slider_enabled&quot;:&quot;&quot;,&quot;scroll_slider_on&quot;:[&quot;desktop&quot;,&quot;tablet&quot;,&quot;mobile&quot;],&quot;custom_query&quot;:false,&quot;custom_query_id&quot;:&quot;&quot;,&quot;_element_id&quot;:&quot;&quot;,&quot;collapse_first_last_gap&quot;:false,&quot;list_tag_selection&quot;:&quot;&quot;,&quot;list_items_wrapper_tag&quot;:&quot;div&quot;,&quot;list_item_tag&quot;:&quot;div&quot;,&quot;empty_items_wrapper_tag&quot;:&quot;div&quot;}}\" data-page=\"1\" data-pages=\"1\" data-listing-source=\"query\" data-listing-id=\"949\" data-query-id=\"7\"><div class=\"jet-listing-grid__item jet-listing-dynamic-post-2\" data-post-id=\"2\"  >\t\t<div data-elementor-type=\"jet-listing-items\" data-elementor-id=\"1954\" class=\"elementor elementor-1954 elementor-949\" data-elementor-post-type=\"jet-engine\">\n\t\t\t\t<div class=\"elementor-element elementor-element-3d8a1d9 food-service-details e-flex e-con-boxed e-con e-parent\" data-id=\"3d8a1d9\" data-element_type=\"container\">\n\t\t\t\t\t<div class=\"e-con-inner\">\n\t\t\t\t<div class=\"jet-popup-target elementor-element elementor-element-f9f5a12 e-transform elementor-widget elementor-widget-jet-listing-dynamic-image\" data-jet-popup=\"{&quot;attached-popup&quot;:&quot;jet-popup-&quot;,&quot;trigger-type&quot;:&quot;click-self&quot;,&quot;trigger-custom-selector&quot;:&quot;food-service-details&quot;,&quot;is-jet-engine&quot;:true,&quot;cct_slug&quot;:&quot;food_service&quot;}\" data-id=\"f9f5a12\" data-element_type=\"widget\" data-settings=\"{&quot;_transform_scale_effect_hover&quot;:{&quot;unit&quot;:&quot;px&quot;,&quot;size&quot;:1.05,&quot;sizes&quot;:[]}}\" data-widget_type=\"jet-listing-dynamic-image.default\">\n\t\t\t\t<div class=\"elementor-widget-container\">\n\t\t\t\t\t<div class=\"jet-listing jet-listing-dynamic-image\" ><img fetchpriority=\"high\" decoding=\"async\" width=\"2500\" height=\"2560\" src=\"https:\/\/www.oggifoods.ca\/wp-content\/uploads\/2023\/05\/neopolitan.webp\" class=\"jet-listing-dynamic-image__img attachment-full size-full\" alt=\"\" srcset=\"https:\/\/www.oggifoods.ca\/wp-content\/uploads\/2023\/05\/neopolitan.webp 2500w, https:\/\/www.oggifoods.ca\/wp-content\/uploads\/2023\/05\/neopolitan-293x300.webp 293w, https:\/\/www.oggifoods.ca\/wp-content\/uploads\/2023\/05\/neopolitan-1000x1024.webp 1000w, https:\/\/www.oggifoods.ca\/wp-content\/uploads\/2023\/05\/neopolitan-768x786.webp 768w, https:\/\/www.oggifoods.ca\/wp-content\/uploads\/2023\/05\/neopolitan-1500x1536.webp 1500w, https:\/\/www.oggifoods.ca\/wp-content\/uploads\/2023\/05\/neopolitan-2000x2048.webp 2000w\" sizes=\"(max-width: 2500px) 100vw, 2500px\" loading=\"eager\" \/><\/div>\t\t\t\t<\/div>\n\t\t\t\t<\/div>\n\t\t\t\t<div class=\"jet-popup-target elementor-element elementor-element-a976d4d elementor-widget elementor-widget-heading\" data-jet-popup=\"{&quot;attached-popup&quot;:&quot;jet-popup-1991&quot;,&quot;trigger-type&quot;:&quot;click-self&quot;,&quot;trigger-custom-selector&quot;:&quot;&quot;,&quot;is-jet-engine&quot;:true,&quot;cct_slug&quot;:&quot;food_service&quot;}\" data-id=\"a976d4d\" data-element_type=\"widget\" data-widget_type=\"heading.default\">\n\t\t\t\t<div class=\"elementor-widget-container\">\n\t\t\t\t\t<h2 class=\"elementor-heading-title elementor-size-default\">Cro\u00fbte \u00e0 la napolitaine<\/h2>\t\t\t\t<\/div>\n\t\t\t\t<\/div>\n\t\t\t\t\t<\/div>\n\t\t\t\t<\/div>\n\t\t\t\t<\/div>\n\t\t<\/div><div class=\"jet-listing-grid__item jet-listing-dynamic-post-1\" data-post-id=\"1\"  >\t\t<div data-elementor-type=\"jet-listing-items\" data-elementor-id=\"1954\" class=\"elementor elementor-1954 elementor-949\" data-elementor-post-type=\"jet-engine\">\n\t\t\t\t<div class=\"elementor-element elementor-element-3d8a1d9 food-service-details e-flex e-con-boxed e-con e-parent\" data-id=\"3d8a1d9\" data-element_type=\"container\">\n\t\t\t\t\t<div class=\"e-con-inner\">\n\t\t\t\t<div class=\"jet-popup-target elementor-element elementor-element-f9f5a12 e-transform elementor-widget elementor-widget-jet-listing-dynamic-image\" data-jet-popup=\"{&quot;attached-popup&quot;:&quot;jet-popup-&quot;,&quot;trigger-type&quot;:&quot;click-self&quot;,&quot;trigger-custom-selector&quot;:&quot;food-service-details&quot;,&quot;is-jet-engine&quot;:true,&quot;cct_slug&quot;:&quot;food_service&quot;}\" data-id=\"f9f5a12\" data-element_type=\"widget\" data-settings=\"{&quot;_transform_scale_effect_hover&quot;:{&quot;unit&quot;:&quot;px&quot;,&quot;size&quot;:1.05,&quot;sizes&quot;:[]}}\" data-widget_type=\"jet-listing-dynamic-image.default\">\n\t\t\t\t<div class=\"elementor-widget-container\">\n\t\t\t\t\t<div class=\"jet-listing jet-listing-dynamic-image\" ><img decoding=\"async\" width=\"2570\" height=\"2632\" src=\"https:\/\/www.oggifoods.ca\/wp-content\/uploads\/2023\/11\/Cauliflower-Top-shot.png\" class=\"jet-listing-dynamic-image__img attachment-full size-full\" alt=\"\" srcset=\"https:\/\/www.oggifoods.ca\/wp-content\/uploads\/2023\/11\/Cauliflower-Top-shot.png 2570w, https:\/\/www.oggifoods.ca\/wp-content\/uploads\/2023\/11\/Cauliflower-Top-shot-293x300.png 293w, https:\/\/www.oggifoods.ca\/wp-content\/uploads\/2023\/11\/Cauliflower-Top-shot-1000x1024.png 1000w, https:\/\/www.oggifoods.ca\/wp-content\/uploads\/2023\/11\/Cauliflower-Top-shot-768x787.png 768w, https:\/\/www.oggifoods.ca\/wp-content\/uploads\/2023\/11\/Cauliflower-Top-shot-1500x1536.png 1500w, https:\/\/www.oggifoods.ca\/wp-content\/uploads\/2023\/11\/Cauliflower-Top-shot-2000x2048.png 2000w\" sizes=\"(max-width: 2570px) 100vw, 2570px\" loading=\"eager\" \/><\/div>\t\t\t\t<\/div>\n\t\t\t\t<\/div>\n\t\t\t\t<div class=\"jet-popup-target elementor-element elementor-element-a976d4d elementor-widget elementor-widget-heading\" data-jet-popup=\"{&quot;attached-popup&quot;:&quot;jet-popup-1991&quot;,&quot;trigger-type&quot;:&quot;click-self&quot;,&quot;trigger-custom-selector&quot;:&quot;&quot;,&quot;is-jet-engine&quot;:true,&quot;cct_slug&quot;:&quot;food_service&quot;}\" data-id=\"a976d4d\" data-element_type=\"widget\" data-widget_type=\"heading.default\">\n\t\t\t\t<div class=\"elementor-widget-container\">\n\t\t\t\t\t<h2 class=\"elementor-heading-title elementor-size-default\">Cro\u00fbte de chou-fleur<\/h2>\t\t\t\t<\/div>\n\t\t\t\t<\/div>\n\t\t\t\t\t<\/div>\n\t\t\t\t<\/div>\n\t\t\t\t<\/div>\n\t\t<\/div><\/div><\/div>\t\t\t\t<\/div>\n\t\t\t\t<\/div>\n\t\t\t\t\t<\/div>\n\t\t\t\t<\/div>\n\t\t<div class=\"elementor-element elementor-element-b3213e5 e-flex e-con-boxed e-con e-parent\" data-id=\"b3213e5\" data-element_type=\"container\" data-settings=\"{&quot;background_background&quot;:&quot;classic&quot;}\">\n\t\t\t\t\t<div class=\"e-con-inner\">\n\t\t\t\t<div class=\"elementor-element elementor-element-ad93224 elementor-widget elementor-widget-heading\" data-id=\"ad93224\" data-element_type=\"widget\" data-widget_type=\"heading.default\">\n\t\t\t\t<div class=\"elementor-widget-container\">\n\t\t\t\t\t<h2 class=\"elementor-heading-title elementor-size-default\"><p data-pm-slice=\"1 1 []\">Contactez-nous pour plus d'informations<span style=\"color: var( --e-global-color-accent );font-family: inherit;text-align: var(--text-align);background-color: var( --e-global-color-6921b05 )\"><\/span><\/p><\/h2>\t\t\t\t<\/div>\n\t\t\t\t<\/div>\n\t\t\t\t<div class=\"elementor-element elementor-element-6ee2e8a elementor-widget elementor-widget-wpforms\" data-id=\"6ee2e8a\" data-element_type=\"widget\" data-widget_type=\"wpforms.default\">\n\t\t\t\t<div class=\"elementor-widget-container\">\n\t\t\t\t\t<style id=\"wpforms-css-vars-elementor-widget-6ee2e8a\">\n\t\t\t\t.elementor-widget-wpforms.elementor-element-6ee2e8a {\n\t\t\t\t--wpforms-button-background-color: #917852;\n--wpforms-field-text-color: #262626;\n\t\t\t}\n\t\t\t<\/style><div class=\"wpforms-container wpforms-container-full wpforms-render-modern\" id=\"wpforms-3441\"><form id=\"wpforms-form-3441\" class=\"wpforms-validate wpforms-form wpforms-ajax-form\" data-formid=\"3441\" method=\"post\" enctype=\"multipart\/form-data\" action=\"\/fr\/wp-json\/wp\/v2\/pages\/1821\" data-token=\"15bda7d522e1b80c6fb7993340f01766\" data-token-time=\"1777332906\"><noscript class=\"wpforms-error-noscript\">Veuillez activer JavaScript dans votre navigateur pour remplir ce formulaire.<\/noscript><div id=\"wpforms-error-noscript\" style=\"display: none;\">Veuillez activer JavaScript dans votre navigateur pour remplir ce formulaire.<\/div><div class=\"wpforms-field-container\"><div id=\"wpforms-3441-field_1-container\" class=\"wpforms-field wpforms-field-name\" data-field-id=\"1\"><label class=\"wpforms-field-label wpforms-label-hide\" for=\"wpforms-3441-field_1\" aria-hidden=\"false\">Nom <span class=\"wpforms-required-label\" aria-hidden=\"true\">*<\/span><\/label><input type=\"text\" id=\"wpforms-3441-field_1\" class=\"wpforms-field-large wpforms-field-required\" name=\"wpforms[fields][1]\" placeholder=\"Nom\" aria-errormessage=\"wpforms-3441-field_1-error\" required><\/div><div id=\"wpforms-3441-field_5-container\" class=\"wpforms-field wpforms-field-name\" data-field-id=\"5\"><label class=\"wpforms-field-label wpforms-label-hide\" for=\"wpforms-3441-field_5\" aria-hidden=\"false\">Entreprise <span class=\"wpforms-required-label\" aria-hidden=\"true\">*<\/span><\/label><input type=\"text\" id=\"wpforms-3441-field_5\" class=\"wpforms-field-large wpforms-field-required\" name=\"wpforms[fields][5]\" placeholder=\"Entreprise\" aria-errormessage=\"wpforms-3441-field_5-error\" required><\/div><div id=\"wpforms-3441-field_2-container\" class=\"wpforms-field wpforms-field-email\" data-field-id=\"2\"><label class=\"wpforms-field-label wpforms-label-hide\" for=\"wpforms-3441-field_2\" aria-hidden=\"false\">Courriel <span class=\"wpforms-required-label\" aria-hidden=\"true\">*<\/span><\/label><input type=\"email\" id=\"wpforms-3441-field_2\" class=\"wpforms-field-large wpforms-field-required\" name=\"wpforms[fields][2]\" placeholder=\"Courriel\" spellcheck=\"false\" aria-errormessage=\"wpforms-3441-field_2-error\" required><\/div><div id=\"wpforms-3441-field_8-container\" class=\"wpforms-field wpforms-field-phone\" data-field-id=\"8\"><label class=\"wpforms-field-label wpforms-label-hide\" for=\"wpforms-3441-field_8\" aria-hidden=\"false\">T\u00e9l\u00e9phone <span class=\"wpforms-required-label\" aria-hidden=\"true\">*<\/span><\/label><input type=\"tel\" id=\"wpforms-3441-field_8\" class=\"wpforms-field-large wpforms-field-required wpforms-smart-phone-field\" data-rule-smart-phone-field=\"true\" name=\"wpforms[fields][8]\" placeholder=\"T\u00e9l\u00e9phone\" aria-label=\"T\u00e9l\u00e9phone\" aria-errormessage=\"wpforms-3441-field_8-error\" required><\/div><div id=\"wpforms-3441-field_3-container\" class=\"wpforms-field wpforms-field-textarea\" data-field-id=\"3\"><label class=\"wpforms-field-label wpforms-label-hide\" for=\"wpforms-3441-field_3\" aria-hidden=\"false\">Message <span class=\"wpforms-required-label\" aria-hidden=\"true\">*<\/span><\/label><textarea id=\"wpforms-3441-field_3\" class=\"wpforms-field-large wpforms-field-required\" name=\"wpforms[fields][3]\" placeholder=\"Message\" aria-errormessage=\"wpforms-3441-field_3-error\" required><\/textarea><\/div><div id=\"wpforms-3441-field_4-container\" class=\"wpforms-field wpforms-field-checkbox\" data-field-id=\"4\"><fieldset><legend class=\"wpforms-field-label wpforms-label-hide\" aria-hidden=\"false\">Consentement <\/legend><ul id=\"wpforms-3441-field_4\"><li class=\"choice-1 depth-1\"><input type=\"checkbox\" id=\"wpforms-3441-field_4_1\" name=\"wpforms[fields][4][]\" value=\"J&#039;autorise la r\u00e9ception de promotions, de nouvelles et de recettes en m&#039;inscrivant \u00e0 votre lettre d&#039;information.\" aria-errormessage=\"wpforms-3441-field_4_1-error\"  ><label class=\"wpforms-field-label-inline\" for=\"wpforms-3441-field_4_1\">J'autorise la r\u00e9ception de promotions, de nouvelles et de recettes en m'inscrivant \u00e0 votre lettre d'information.<\/label><\/li><\/ul><\/fieldset><\/div><\/div><!-- .wpforms-field-container --><div class=\"wpforms-recaptcha-container wpforms-is-recaptcha wpforms-is-recaptcha-type-v3\" ><input type=\"hidden\" name=\"wpforms[recaptcha]\" value=\"\"><\/div><div class=\"wpforms-submit-container\" ><input type=\"hidden\" name=\"wpforms[id]\" value=\"3441\"><input type=\"hidden\" name=\"page_title\" value=\"\"><input type=\"hidden\" name=\"page_url\" value=\"https:\/\/www.oggifoods.ca\/fr\/wp-json\/wp\/v2\/pages\/1821\"><input type=\"hidden\" name=\"url_referer\" value=\"\"><button type=\"submit\" name=\"wpforms[submit]\" id=\"wpforms-submit-3441\" class=\"wpforms-submit\" data-alt-text=\"Envoi en cours...\" data-submit-text=\"Envoyer\" aria-live=\"assertive\" value=\"wpforms-submit\">Envoyer<\/button><img decoding=\"async\" src=\"https:\/\/www.oggifoods.ca\/wp-content\/plugins\/wpforms\/assets\/images\/submit-spin.svg\" class=\"wpforms-submit-spinner\" style=\"display: none;\" width=\"26\" height=\"26\" alt=\"Chargement en cours\"><\/div><\/form><\/div>  <!-- .wpforms-container -->\t\t\t\t<\/div>\n\t\t\t\t<\/div>\n\t\t\t\t\t<\/div>\n\t\t\t\t<\/div>\n\t\t\t\t<\/div>\n\t\t","protected":false},"excerpt":{"rendered":"<p>En utilisant un m\u00e9lange de farine sans gluten et nos recettes familiales traditionnelles, nous avons cr\u00e9\u00e9 les meilleures pizzas surgel\u00e9es de style napolitain. Chaque pizza est \u00e9tir\u00e9e \u00e0 la main et cuite sur pierre, puis garnie d\u2019ingr\u00e9dients gourmets. Contactez-nous pour plus d&#8217;informations Please enable JavaScript in your browser to complete this form.Please enable JavaScript in [&hellip;]<\/p>\n","protected":false},"author":12,"featured_media":0,"parent":0,"menu_order":0,"comment_status":"closed","ping_status":"closed","template":"","meta":{"_acf_changed":false,"footnotes":""},"class_list":["post-1821","page","type-page","status-publish","hentry"],"acf":[],"aioseo_notices":[],"_links":{"self":[{"href":"https:\/\/www.oggifoods.ca\/fr\/wp-json\/wp\/v2\/pages\/1821","targetHints":{"allow":["GET"]}}],"collection":[{"href":"https:\/\/www.oggifoods.ca\/fr\/wp-json\/wp\/v2\/pages"}],"about":[{"href":"https:\/\/www.oggifoods.ca\/fr\/wp-json\/wp\/v2\/types\/page"}],"author":[{"embeddable":true,"href":"https:\/\/www.oggifoods.ca\/fr\/wp-json\/wp\/v2\/users\/12"}],"replies":[{"embeddable":true,"href":"https:\/\/www.oggifoods.ca\/fr\/wp-json\/wp\/v2\/comments?post=1821"}],"version-history":[{"count":9,"href":"https:\/\/www.oggifoods.ca\/fr\/wp-json\/wp\/v2\/pages\/1821\/revisions"}],"predecessor-version":[{"id":3454,"href":"https:\/\/www.oggifoods.ca\/fr\/wp-json\/wp\/v2\/pages\/1821\/revisions\/3454"}],"wp:attachment":[{"href":"https:\/\/www.oggifoods.ca\/fr\/wp-json\/wp\/v2\/media?parent=1821"}],"curies":[{"name":"wp","href":"https:\/\/api.w.org\/{rel}","templated":true}]}}