{"id":1841,"date":"2023-05-30T16:35:26","date_gmt":"2023-05-30T20:35:26","guid":{"rendered":"https:\/\/www.oggifoods.ca\/produits\/pizza\/"},"modified":"2025-03-05T13:18:31","modified_gmt":"2025-03-05T18:18:31","slug":"pizza","status":"publish","type":"page","link":"https:\/\/www.oggifoods.ca\/fr\/produits\/pizza\/","title":{"rendered":"Pizza"},"content":{"rendered":"\t\t<div data-elementor-type=\"wp-page\" data-elementor-id=\"1841\" class=\"elementor elementor-1841 elementor-1202\" data-elementor-post-type=\"page\">\n\t\t\t\t<div class=\"elementor-element elementor-element-13d5f5f e-flex e-con-boxed e-con e-parent\" data-id=\"13d5f5f\" data-element_type=\"container\" data-settings=\"{&quot;background_background&quot;:&quot;classic&quot;}\">\n\t\t\t\t\t<div class=\"e-con-inner\">\n\t\t<div class=\"elementor-element elementor-element-095a77f e-con-full e-flex e-con e-child\" data-id=\"095a77f\" data-element_type=\"container\">\n\t\t\t\t<\/div>\n\t\t<div class=\"elementor-element elementor-element-6524c8f e-con-full e-flex e-con e-child\" data-id=\"6524c8f\" data-element_type=\"container\" data-settings=\"{&quot;background_background&quot;:&quot;classic&quot;}\">\n\t\t\t\t<div class=\"elementor-element elementor-element-bed88ba elementor-widget elementor-widget-heading\" data-id=\"bed88ba\" data-element_type=\"widget\" data-widget_type=\"heading.default\">\n\t\t\t\t<div class=\"elementor-widget-container\">\n\t\t\t\t\t<h2 class=\"elementor-heading-title elementor-size-default\">Pizza<\/h2>\t\t\t\t<\/div>\n\t\t\t\t<\/div>\n\t\t\t\t<div class=\"elementor-element elementor-element-cd94182 elementor-widget-divider--view-line elementor-widget elementor-widget-divider\" data-id=\"cd94182\" data-element_type=\"widget\" data-widget_type=\"divider.default\">\n\t\t\t\t<div class=\"elementor-widget-container\">\n\t\t\t\t\t\t\t<div class=\"elementor-divider\">\n\t\t\t<span class=\"elementor-divider-separator\">\n\t\t\t\t\t\t<\/span>\n\t\t<\/div>\n\t\t\t\t\t\t<\/div>\n\t\t\t\t<\/div>\n\t\t\t\t<div class=\"elementor-element elementor-element-7a9c9a1 jedv-enabled--yes elementor-widget elementor-widget-text-editor\" data-id=\"7a9c9a1\" data-element_type=\"widget\" data-widget_type=\"text-editor.default\">\n\t\t\t\t<div class=\"elementor-widget-container\">\n\t\t\t\t\t\t\t\t\t<p>En utilisant un m\u00e9lange de farine sans gluten et nos recettes familiales traditionnelles, nous avons cr\u00e9\u00e9 la meilleure pizza surgel\u00e9e de style napolitain. Chaque pizza est \u00e9tir\u00e9e \u00e0 la main et cuite sur pierre, puis garnie d\u2019ingr\u00e9dients gourmands.<\/p>\n\t\t\t\t\t\t\t\t<\/div>\n\t\t\t\t<\/div>\n\t\t\t\t<\/div>\n\t\t<div class=\"elementor-element elementor-element-0e4788a e-con-full e-flex e-con e-child\" data-id=\"0e4788a\" data-element_type=\"container\">\n\t\t\t\t<\/div>\n\t\t\t\t\t<\/div>\n\t\t\t\t<\/div>\n\t\t<div class=\"elementor-element elementor-element-750524c e-flex e-con-boxed e-con e-parent\" data-id=\"750524c\" data-element_type=\"container\">\n\t\t\t\t\t<div class=\"e-con-inner\">\n\t\t\t\t<div class=\"elementor-element elementor-element-e259471 elementor-widget-mobile__width-initial elementor-widget elementor-widget-jet-listing-grid\" data-id=\"e259471\" data-element_type=\"widget\" data-settings=\"{&quot;columns&quot;:&quot;3&quot;,&quot;columns_tablet&quot;:&quot;2&quot;,&quot;columns_mobile&quot;:&quot;1&quot;}\" data-widget_type=\"jet-listing-grid.default\">\n\t\t\t\t<div class=\"elementor-widget-container\">\n\t\t\t\t\t<div class=\"jet-listing-grid jet-listing\"><div class=\"jet-listing-grid__items grid-col-desk-3 grid-col-tablet-2 grid-col-mobile-1 jet-listing-grid--1027 jet-equal-columns__wrapper\" data-queried-id=\"1841|WP_Post\" data-cct-slug=\"pizza\" data-nav=\"{&quot;enabled&quot;:false,&quot;type&quot;:null,&quot;more_el&quot;:null,&quot;query&quot;:[],&quot;widget_settings&quot;:{&quot;lisitng_id&quot;:1027,&quot;posts_num&quot;:6,&quot;columns&quot;:3,&quot;columns_tablet&quot;:2,&quot;columns_mobile&quot;:1,&quot;column_min_width&quot;:240,&quot;column_min_width_tablet&quot;:240,&quot;column_min_width_mobile&quot;:240,&quot;inline_columns_css&quot;:false,&quot;is_archive_template&quot;:&quot;&quot;,&quot;post_status&quot;:[&quot;publish&quot;],&quot;use_random_posts_num&quot;:&quot;&quot;,&quot;max_posts_num&quot;:9,&quot;not_found_message&quot;:&quot;Aucune donn\\u00e9e de disponible&quot;,&quot;is_masonry&quot;:false,&quot;equal_columns_height&quot;:&quot;yes&quot;,&quot;use_load_more&quot;:&quot;&quot;,&quot;load_more_id&quot;:&quot;&quot;,&quot;load_more_type&quot;:&quot;click&quot;,&quot;load_more_offset&quot;:{&quot;unit&quot;:&quot;px&quot;,&quot;size&quot;:0,&quot;sizes&quot;:[]},&quot;use_custom_post_types&quot;:&quot;&quot;,&quot;custom_post_types&quot;:[],&quot;hide_widget_if&quot;:&quot;&quot;,&quot;carousel_enabled&quot;:&quot;&quot;,&quot;slides_to_scroll&quot;:&quot;1&quot;,&quot;arrows&quot;:&quot;true&quot;,&quot;arrow_icon&quot;:&quot;fa fa-angle-left&quot;,&quot;dots&quot;:&quot;&quot;,&quot;autoplay&quot;:&quot;true&quot;,&quot;pause_on_hover&quot;:&quot;true&quot;,&quot;autoplay_speed&quot;:5000,&quot;infinite&quot;:&quot;true&quot;,&quot;center_mode&quot;:&quot;&quot;,&quot;effect&quot;:&quot;slide&quot;,&quot;speed&quot;:500,&quot;inject_alternative_items&quot;:&quot;&quot;,&quot;injection_items&quot;:[],&quot;scroll_slider_enabled&quot;:&quot;&quot;,&quot;scroll_slider_on&quot;:[&quot;desktop&quot;,&quot;tablet&quot;,&quot;mobile&quot;],&quot;custom_query&quot;:&quot;yes&quot;,&quot;custom_query_id&quot;:&quot;12&quot;,&quot;_element_id&quot;:&quot;&quot;,&quot;collapse_first_last_gap&quot;:false,&quot;list_tag_selection&quot;:&quot;&quot;,&quot;list_items_wrapper_tag&quot;:&quot;div&quot;,&quot;list_item_tag&quot;:&quot;div&quot;,&quot;empty_items_wrapper_tag&quot;:&quot;div&quot;}}\" data-page=\"1\" data-pages=\"1\" data-listing-source=\"query\" data-listing-id=\"1027\" data-query-id=\"12\"><div class=\"jet-listing-grid__item jet-listing-dynamic-post-6 jet-equal-columns\" data-post-id=\"6\"  >\t\t<div data-elementor-type=\"jet-listing-items\" data-elementor-id=\"1956\" class=\"elementor elementor-1956 elementor-1027\" data-elementor-post-type=\"jet-engine\">\n\t\t\t\t<div class=\"elementor-element elementor-element-8c89482 e-flex e-con-boxed e-con e-parent\" data-id=\"8c89482\" data-element_type=\"container\">\n\t\t\t\t\t<div class=\"e-con-inner\">\n\t\t\t\t<div class=\"jet-popup-target elementor-element elementor-element-249eb61 e-transform elementor-widget elementor-widget-jet-listing-dynamic-image\" data-jet-popup=\"{&quot;attached-popup&quot;:&quot;jet-popup-&quot;,&quot;trigger-type&quot;:&quot;click-self&quot;,&quot;trigger-custom-selector&quot;:&quot;&quot;,&quot;is-jet-engine&quot;:true,&quot;cct_slug&quot;:&quot;pizza&quot;}\" data-id=\"249eb61\" data-element_type=\"widget\" data-settings=\"{&quot;_transform_scale_effect_hover&quot;:{&quot;unit&quot;:&quot;px&quot;,&quot;size&quot;:1.05,&quot;sizes&quot;:[]}}\" data-widget_type=\"jet-listing-dynamic-image.default\">\n\t\t\t\t<div class=\"elementor-widget-container\">\n\t\t\t\t\t<div class=\"jet-listing jet-listing-dynamic-image\" ><img fetchpriority=\"high\" decoding=\"async\" width=\"600\" height=\"739\" src=\"https:\/\/www.oggifoods.ca\/wp-content\/uploads\/2023\/05\/OGG-428-Americana-Beyond-Beef-CDN-3D-HIGH-Front.webp\" class=\"jet-listing-dynamic-image__img attachment-medium_large size-medium_large\" alt=\"\" srcset=\"https:\/\/www.oggifoods.ca\/wp-content\/uploads\/2023\/05\/OGG-428-Americana-Beyond-Beef-CDN-3D-HIGH-Front.webp 600w, https:\/\/www.oggifoods.ca\/wp-content\/uploads\/2023\/05\/OGG-428-Americana-Beyond-Beef-CDN-3D-HIGH-Front-244x300.webp 244w\" sizes=\"(max-width: 600px) 100vw, 600px\" loading=\"eager\" \/><\/div>\t\t\t\t<\/div>\n\t\t\t\t<\/div>\n\t\t\t\t<div class=\"elementor-element elementor-element-871b49d elementor-absolute jedv-enabled--yes elementor-widget elementor-widget-image\" data-id=\"871b49d\" data-element_type=\"widget\" data-settings=\"{&quot;_position&quot;:&quot;absolute&quot;}\" data-widget_type=\"image.default\">\n\t\t\t\t<div class=\"elementor-widget-container\">\n\t\t\t\t\t\t\t\t\t\t\t\t\t\t\t<img decoding=\"async\" width=\"1\" height=\"1\" src=\"https:\/\/www.oggifoods.ca\/wp-content\/uploads\/2023\/05\/oggifoods_Aliments_quebec.svg\" class=\"attachment-large size-large wp-image-3555\" alt=\"\" \/>\t\t\t\t\t\t\t\t\t\t\t\t\t\t\t<\/div>\n\t\t\t\t<\/div>\n\t\t\t\t\t<\/div>\n\t\t\t\t<\/div>\n\t\t\t\t<\/div>\n\t\t<\/div><div class=\"jet-listing-grid__item jet-listing-dynamic-post-5 jet-equal-columns\" data-post-id=\"5\"  >\t\t<div data-elementor-type=\"jet-listing-items\" data-elementor-id=\"1956\" class=\"elementor elementor-1956 elementor-1027\" data-elementor-post-type=\"jet-engine\">\n\t\t\t\t<div class=\"elementor-element elementor-element-8c89482 e-flex e-con-boxed e-con e-parent\" data-id=\"8c89482\" data-element_type=\"container\">\n\t\t\t\t\t<div class=\"e-con-inner\">\n\t\t\t\t<div class=\"jet-popup-target elementor-element elementor-element-249eb61 e-transform elementor-widget elementor-widget-jet-listing-dynamic-image\" data-jet-popup=\"{&quot;attached-popup&quot;:&quot;jet-popup-&quot;,&quot;trigger-type&quot;:&quot;click-self&quot;,&quot;trigger-custom-selector&quot;:&quot;&quot;,&quot;is-jet-engine&quot;:true,&quot;cct_slug&quot;:&quot;pizza&quot;}\" data-id=\"249eb61\" data-element_type=\"widget\" data-settings=\"{&quot;_transform_scale_effect_hover&quot;:{&quot;unit&quot;:&quot;px&quot;,&quot;size&quot;:1.05,&quot;sizes&quot;:[]}}\" data-widget_type=\"jet-listing-dynamic-image.default\">\n\t\t\t\t<div class=\"elementor-widget-container\">\n\t\t\t\t\t<div class=\"jet-listing jet-listing-dynamic-image\" ><img decoding=\"async\" width=\"600\" height=\"739\" src=\"https:\/\/www.oggifoods.ca\/wp-content\/uploads\/2023\/05\/OGG-413-Sciliana-Beyond-Sausage-CDN-3D-High-Front.webp\" class=\"jet-listing-dynamic-image__img attachment-medium_large size-medium_large\" alt=\"\" srcset=\"https:\/\/www.oggifoods.ca\/wp-content\/uploads\/2023\/05\/OGG-413-Sciliana-Beyond-Sausage-CDN-3D-High-Front.webp 600w, https:\/\/www.oggifoods.ca\/wp-content\/uploads\/2023\/05\/OGG-413-Sciliana-Beyond-Sausage-CDN-3D-High-Front-244x300.webp 244w\" sizes=\"(max-width: 600px) 100vw, 600px\" loading=\"eager\" \/><\/div>\t\t\t\t<\/div>\n\t\t\t\t<\/div>\n\t\t\t\t<div class=\"elementor-element elementor-element-871b49d elementor-absolute jedv-enabled--yes elementor-widget elementor-widget-image\" data-id=\"871b49d\" data-element_type=\"widget\" data-settings=\"{&quot;_position&quot;:&quot;absolute&quot;}\" data-widget_type=\"image.default\">\n\t\t\t\t<div class=\"elementor-widget-container\">\n\t\t\t\t\t\t\t\t\t\t\t\t\t\t\t<img decoding=\"async\" width=\"1\" height=\"1\" src=\"https:\/\/www.oggifoods.ca\/wp-content\/uploads\/2023\/05\/oggifoods_Aliments_quebec.svg\" class=\"attachment-large size-large wp-image-3555\" alt=\"\" \/>\t\t\t\t\t\t\t\t\t\t\t\t\t\t\t<\/div>\n\t\t\t\t<\/div>\n\t\t\t\t\t<\/div>\n\t\t\t\t<\/div>\n\t\t\t\t<\/div>\n\t\t<\/div><div class=\"jet-listing-grid__item jet-listing-dynamic-post-4 jet-equal-columns\" data-post-id=\"4\"  >\t\t<div data-elementor-type=\"jet-listing-items\" data-elementor-id=\"1956\" class=\"elementor elementor-1956 elementor-1027\" data-elementor-post-type=\"jet-engine\">\n\t\t\t\t<div class=\"elementor-element elementor-element-8c89482 e-flex e-con-boxed e-con e-parent\" data-id=\"8c89482\" data-element_type=\"container\">\n\t\t\t\t\t<div class=\"e-con-inner\">\n\t\t\t\t<div class=\"jet-popup-target elementor-element elementor-element-249eb61 e-transform elementor-widget elementor-widget-jet-listing-dynamic-image\" data-jet-popup=\"{&quot;attached-popup&quot;:&quot;jet-popup-&quot;,&quot;trigger-type&quot;:&quot;click-self&quot;,&quot;trigger-custom-selector&quot;:&quot;&quot;,&quot;is-jet-engine&quot;:true,&quot;cct_slug&quot;:&quot;pizza&quot;}\" data-id=\"249eb61\" data-element_type=\"widget\" data-settings=\"{&quot;_transform_scale_effect_hover&quot;:{&quot;unit&quot;:&quot;px&quot;,&quot;size&quot;:1.05,&quot;sizes&quot;:[]}}\" data-widget_type=\"jet-listing-dynamic-image.default\">\n\t\t\t\t<div class=\"elementor-widget-container\">\n\t\t\t\t\t<div class=\"jet-listing jet-listing-dynamic-image\" ><img decoding=\"async\" width=\"600\" height=\"739\" src=\"https:\/\/www.oggifoods.ca\/wp-content\/uploads\/2023\/05\/OGG-459-Quattro-Formaggi-CDN-HIGH-Front.webp\" class=\"jet-listing-dynamic-image__img attachment-medium_large size-medium_large\" alt=\"\" srcset=\"https:\/\/www.oggifoods.ca\/wp-content\/uploads\/2023\/05\/OGG-459-Quattro-Formaggi-CDN-HIGH-Front.webp 600w, https:\/\/www.oggifoods.ca\/wp-content\/uploads\/2023\/05\/OGG-459-Quattro-Formaggi-CDN-HIGH-Front-244x300.webp 244w\" sizes=\"(max-width: 600px) 100vw, 600px\" loading=\"eager\" \/><\/div>\t\t\t\t<\/div>\n\t\t\t\t<\/div>\n\t\t\t\t<div class=\"elementor-element elementor-element-871b49d elementor-absolute jedv-enabled--yes elementor-widget elementor-widget-image\" data-id=\"871b49d\" data-element_type=\"widget\" data-settings=\"{&quot;_position&quot;:&quot;absolute&quot;}\" data-widget_type=\"image.default\">\n\t\t\t\t<div class=\"elementor-widget-container\">\n\t\t\t\t\t\t\t\t\t\t\t\t\t\t\t<img decoding=\"async\" width=\"1\" height=\"1\" src=\"https:\/\/www.oggifoods.ca\/wp-content\/uploads\/2023\/05\/oggifoods_Aliments_quebec.svg\" class=\"attachment-large size-large wp-image-3555\" alt=\"\" \/>\t\t\t\t\t\t\t\t\t\t\t\t\t\t\t<\/div>\n\t\t\t\t<\/div>\n\t\t\t\t\t<\/div>\n\t\t\t\t<\/div>\n\t\t\t\t<\/div>\n\t\t<\/div><div class=\"jet-listing-grid__item jet-listing-dynamic-post-3 jet-equal-columns\" data-post-id=\"3\"  >\t\t<div data-elementor-type=\"jet-listing-items\" data-elementor-id=\"1956\" class=\"elementor elementor-1956 elementor-1027\" data-elementor-post-type=\"jet-engine\">\n\t\t\t\t<div class=\"elementor-element elementor-element-8c89482 e-flex e-con-boxed e-con e-parent\" data-id=\"8c89482\" data-element_type=\"container\">\n\t\t\t\t\t<div class=\"e-con-inner\">\n\t\t\t\t<div class=\"jet-popup-target elementor-element elementor-element-249eb61 e-transform elementor-widget elementor-widget-jet-listing-dynamic-image\" data-jet-popup=\"{&quot;attached-popup&quot;:&quot;jet-popup-&quot;,&quot;trigger-type&quot;:&quot;click-self&quot;,&quot;trigger-custom-selector&quot;:&quot;&quot;,&quot;is-jet-engine&quot;:true,&quot;cct_slug&quot;:&quot;pizza&quot;}\" data-id=\"249eb61\" data-element_type=\"widget\" data-settings=\"{&quot;_transform_scale_effect_hover&quot;:{&quot;unit&quot;:&quot;px&quot;,&quot;size&quot;:1.05,&quot;sizes&quot;:[]}}\" data-widget_type=\"jet-listing-dynamic-image.default\">\n\t\t\t\t<div class=\"elementor-widget-container\">\n\t\t\t\t\t<div class=\"jet-listing jet-listing-dynamic-image\" ><img decoding=\"async\" width=\"600\" height=\"739\" src=\"https:\/\/www.oggifoods.ca\/wp-content\/uploads\/2023\/05\/OGG-145-Veggitaly-CDN-3D-HIGH-Front.webp\" class=\"jet-listing-dynamic-image__img attachment-medium_large size-medium_large\" alt=\"\" srcset=\"https:\/\/www.oggifoods.ca\/wp-content\/uploads\/2023\/05\/OGG-145-Veggitaly-CDN-3D-HIGH-Front.webp 600w, https:\/\/www.oggifoods.ca\/wp-content\/uploads\/2023\/05\/OGG-145-Veggitaly-CDN-3D-HIGH-Front-244x300.webp 244w\" sizes=\"(max-width: 600px) 100vw, 600px\" loading=\"eager\" \/><\/div>\t\t\t\t<\/div>\n\t\t\t\t<\/div>\n\t\t\t\t<div class=\"elementor-element elementor-element-871b49d elementor-absolute jedv-enabled--yes elementor-widget elementor-widget-image\" data-id=\"871b49d\" data-element_type=\"widget\" data-settings=\"{&quot;_position&quot;:&quot;absolute&quot;}\" data-widget_type=\"image.default\">\n\t\t\t\t<div class=\"elementor-widget-container\">\n\t\t\t\t\t\t\t\t\t\t\t\t\t\t\t<img decoding=\"async\" width=\"1\" height=\"1\" src=\"https:\/\/www.oggifoods.ca\/wp-content\/uploads\/2023\/05\/oggifoods_Aliments_quebec.svg\" class=\"attachment-large size-large wp-image-3555\" alt=\"\" \/>\t\t\t\t\t\t\t\t\t\t\t\t\t\t\t<\/div>\n\t\t\t\t<\/div>\n\t\t\t\t\t<\/div>\n\t\t\t\t<\/div>\n\t\t\t\t<\/div>\n\t\t<\/div><div class=\"jet-listing-grid__item jet-listing-dynamic-post-2 jet-equal-columns\" data-post-id=\"2\"  >\t\t<div data-elementor-type=\"jet-listing-items\" data-elementor-id=\"1956\" class=\"elementor elementor-1956 elementor-1027\" data-elementor-post-type=\"jet-engine\">\n\t\t\t\t<div class=\"elementor-element elementor-element-8c89482 e-flex e-con-boxed e-con e-parent\" data-id=\"8c89482\" data-element_type=\"container\">\n\t\t\t\t\t<div class=\"e-con-inner\">\n\t\t\t\t<div class=\"jet-popup-target elementor-element elementor-element-249eb61 e-transform elementor-widget elementor-widget-jet-listing-dynamic-image\" data-jet-popup=\"{&quot;attached-popup&quot;:&quot;jet-popup-&quot;,&quot;trigger-type&quot;:&quot;click-self&quot;,&quot;trigger-custom-selector&quot;:&quot;&quot;,&quot;is-jet-engine&quot;:true,&quot;cct_slug&quot;:&quot;pizza&quot;}\" data-id=\"249eb61\" data-element_type=\"widget\" data-settings=\"{&quot;_transform_scale_effect_hover&quot;:{&quot;unit&quot;:&quot;px&quot;,&quot;size&quot;:1.05,&quot;sizes&quot;:[]}}\" data-widget_type=\"jet-listing-dynamic-image.default\">\n\t\t\t\t<div class=\"elementor-widget-container\">\n\t\t\t\t\t<div class=\"jet-listing jet-listing-dynamic-image\" ><img decoding=\"async\" width=\"600\" height=\"739\" src=\"https:\/\/www.oggifoods.ca\/wp-content\/uploads\/2023\/05\/Oggi-442_Margerita_CDN-3D-HIGH-Front.webp\" class=\"jet-listing-dynamic-image__img attachment-medium_large size-medium_large\" alt=\"\" srcset=\"https:\/\/www.oggifoods.ca\/wp-content\/uploads\/2023\/05\/Oggi-442_Margerita_CDN-3D-HIGH-Front.webp 600w, https:\/\/www.oggifoods.ca\/wp-content\/uploads\/2023\/05\/Oggi-442_Margerita_CDN-3D-HIGH-Front-244x300.webp 244w\" sizes=\"(max-width: 600px) 100vw, 600px\" loading=\"eager\" \/><\/div>\t\t\t\t<\/div>\n\t\t\t\t<\/div>\n\t\t\t\t<div class=\"elementor-element elementor-element-871b49d elementor-absolute jedv-enabled--yes elementor-widget elementor-widget-image\" data-id=\"871b49d\" data-element_type=\"widget\" data-settings=\"{&quot;_position&quot;:&quot;absolute&quot;}\" data-widget_type=\"image.default\">\n\t\t\t\t<div class=\"elementor-widget-container\">\n\t\t\t\t\t\t\t\t\t\t\t\t\t\t\t<img decoding=\"async\" width=\"1\" height=\"1\" src=\"https:\/\/www.oggifoods.ca\/wp-content\/uploads\/2023\/05\/oggifoods_Aliments_quebec.svg\" class=\"attachment-large size-large wp-image-3555\" alt=\"\" \/>\t\t\t\t\t\t\t\t\t\t\t\t\t\t\t<\/div>\n\t\t\t\t<\/div>\n\t\t\t\t\t<\/div>\n\t\t\t\t<\/div>\n\t\t\t\t<\/div>\n\t\t<\/div><\/div><\/div>\t\t\t\t<\/div>\n\t\t\t\t<\/div>\n\t\t\t\t\t<\/div>\n\t\t\t\t<\/div>\n\t\t\t\t<\/div>\n\t\t","protected":false},"excerpt":{"rendered":"<p>Pizza En utilisant un m\u00e9lange de farine sans gluten et nos recettes familiales traditionnelles, nous avons cr\u00e9\u00e9 la meilleure pizza surgel\u00e9e de style napolitain. Chaque pizza est \u00e9tir\u00e9e \u00e0 la main et cuite sur pierre, puis garnie d\u2019ingr\u00e9dients gourmands.<\/p>\n","protected":false},"author":12,"featured_media":0,"parent":1826,"menu_order":1,"comment_status":"closed","ping_status":"closed","template":"","meta":{"_acf_changed":false,"footnotes":""},"class_list":["post-1841","page","type-page","status-publish","hentry"],"acf":[],"aioseo_notices":[],"_links":{"self":[{"href":"https:\/\/www.oggifoods.ca\/fr\/wp-json\/wp\/v2\/pages\/1841","targetHints":{"allow":["GET"]}}],"collection":[{"href":"https:\/\/www.oggifoods.ca\/fr\/wp-json\/wp\/v2\/pages"}],"about":[{"href":"https:\/\/www.oggifoods.ca\/fr\/wp-json\/wp\/v2\/types\/page"}],"author":[{"embeddable":true,"href":"https:\/\/www.oggifoods.ca\/fr\/wp-json\/wp\/v2\/users\/12"}],"replies":[{"embeddable":true,"href":"https:\/\/www.oggifoods.ca\/fr\/wp-json\/wp\/v2\/comments?post=1841"}],"version-history":[{"count":6,"href":"https:\/\/www.oggifoods.ca\/fr\/wp-json\/wp\/v2\/pages\/1841\/revisions"}],"predecessor-version":[{"id":3608,"href":"https:\/\/www.oggifoods.ca\/fr\/wp-json\/wp\/v2\/pages\/1841\/revisions\/3608"}],"up":[{"embeddable":true,"href":"https:\/\/www.oggifoods.ca\/fr\/wp-json\/wp\/v2\/pages\/1826"}],"wp:attachment":[{"href":"https:\/\/www.oggifoods.ca\/fr\/wp-json\/wp\/v2\/media?parent=1841"}],"curies":[{"name":"wp","href":"https:\/\/api.w.org\/{rel}","templated":true}]}}