{"id":1848,"date":"2023-05-30T16:36:51","date_gmt":"2023-05-30T20:36:51","guid":{"rendered":"https:\/\/www.oggifoods.ca\/produits\/croutes\/"},"modified":"2025-02-27T17:07:54","modified_gmt":"2025-02-27T22:07:54","slug":"croutes","status":"publish","type":"page","link":"https:\/\/www.oggifoods.ca\/fr\/produits\/croutes\/","title":{"rendered":"Cro\u00fbtes"},"content":{"rendered":"\t\t<div data-elementor-type=\"wp-page\" data-elementor-id=\"1848\" class=\"elementor elementor-1848 elementor-1208\" data-elementor-post-type=\"page\">\n\t\t\t\t<div class=\"elementor-element elementor-element-eac11b1 e-flex e-con-boxed e-con e-parent\" data-id=\"eac11b1\" data-element_type=\"container\" data-settings=\"{&quot;background_background&quot;:&quot;classic&quot;}\">\n\t\t\t\t\t<div class=\"e-con-inner\">\n\t\t<div class=\"elementor-element elementor-element-f0c6f38 e-con-full e-flex e-con e-child\" data-id=\"f0c6f38\" data-element_type=\"container\">\n\t\t\t\t<\/div>\n\t\t<div class=\"elementor-element elementor-element-bdc3dd4 e-con-full e-flex e-con e-child\" data-id=\"bdc3dd4\" data-element_type=\"container\" data-settings=\"{&quot;background_background&quot;:&quot;classic&quot;}\">\n\t\t\t\t<div class=\"elementor-element elementor-element-664b8c5 jedv-enabled--yes elementor-widget elementor-widget-heading\" data-id=\"664b8c5\" data-element_type=\"widget\" data-widget_type=\"heading.default\">\n\t\t\t\t<div class=\"elementor-widget-container\">\n\t\t\t\t\t<h2 class=\"elementor-heading-title elementor-size-default\">Cro\u00fbtes<\/h2>\t\t\t\t<\/div>\n\t\t\t\t<\/div>\n\t\t\t\t<div class=\"elementor-element elementor-element-14f5f9e elementor-widget-divider--view-line elementor-widget elementor-widget-divider\" data-id=\"14f5f9e\" data-element_type=\"widget\" data-widget_type=\"divider.default\">\n\t\t\t\t<div class=\"elementor-widget-container\">\n\t\t\t\t\t\t\t<div class=\"elementor-divider\">\n\t\t\t<span class=\"elementor-divider-separator\">\n\t\t\t\t\t\t<\/span>\n\t\t<\/div>\n\t\t\t\t\t\t<\/div>\n\t\t\t\t<\/div>\n\t\t\t\t<div class=\"elementor-element elementor-element-a829827 jedv-enabled--yes elementor-widget elementor-widget-text-editor\" data-id=\"a829827\" data-element_type=\"widget\" data-widget_type=\"text-editor.default\">\n\t\t\t\t<div class=\"elementor-widget-container\">\n\t\t\t\t\t\t\t\t\t<p>Notre p\u00e2te \u00e0 pizza est fabriqu\u00e9e sans OGM, gluten, \u0153ufs ou produits laitiers. Fid\u00e8les \u00e0 notre h\u00e9ritage familial napolitain, nos cro\u00fbtes sont \u00e9tir\u00e9es \u00e0 la main et cuites sur pierre. Le r\u00e9sultat est parfait : une saveur et une texture napolitaines authentiques. <\/p>\n\t\t\t\t\t\t\t\t<\/div>\n\t\t\t\t<\/div>\n\t\t\t\t<\/div>\n\t\t<div class=\"elementor-element elementor-element-ea2fdb0 e-con-full e-flex e-con e-child\" data-id=\"ea2fdb0\" data-element_type=\"container\">\n\t\t\t\t<\/div>\n\t\t\t\t\t<\/div>\n\t\t\t\t<\/div>\n\t\t<div class=\"elementor-element elementor-element-62852a6 e-flex e-con-boxed e-con e-parent\" data-id=\"62852a6\" data-element_type=\"container\">\n\t\t\t\t\t<div class=\"e-con-inner\">\n\t\t\t\t<div class=\"elementor-element elementor-element-3e7f69c elementor-widget-mobile__width-initial elementor-widget elementor-widget-jet-listing-grid\" data-id=\"3e7f69c\" data-element_type=\"widget\" data-settings=\"{&quot;columns&quot;:&quot;3&quot;,&quot;columns_tablet&quot;:&quot;2&quot;,&quot;columns_mobile&quot;:&quot;1&quot;}\" data-widget_type=\"jet-listing-grid.default\">\n\t\t\t\t<div class=\"elementor-widget-container\">\n\t\t\t\t\t<div class=\"jet-listing-grid jet-listing\"><div class=\"jet-listing-grid__items grid-col-desk-3 grid-col-tablet-2 grid-col-mobile-1 jet-listing-grid--993 jet-equal-columns__wrapper\" data-queried-id=\"1848|WP_Post\" data-cct-slug=\"crusts\" data-nav=\"{&quot;enabled&quot;:false,&quot;type&quot;:null,&quot;more_el&quot;:null,&quot;query&quot;:[],&quot;widget_settings&quot;:{&quot;lisitng_id&quot;:993,&quot;posts_num&quot;:6,&quot;columns&quot;:3,&quot;columns_tablet&quot;:2,&quot;columns_mobile&quot;:1,&quot;column_min_width&quot;:240,&quot;column_min_width_tablet&quot;:240,&quot;column_min_width_mobile&quot;:240,&quot;inline_columns_css&quot;:false,&quot;is_archive_template&quot;:&quot;&quot;,&quot;post_status&quot;:[&quot;publish&quot;],&quot;use_random_posts_num&quot;:&quot;&quot;,&quot;max_posts_num&quot;:9,&quot;not_found_message&quot;:&quot;Aucune donn\\u00e9e de disponible&quot;,&quot;is_masonry&quot;:false,&quot;equal_columns_height&quot;:&quot;yes&quot;,&quot;use_load_more&quot;:&quot;&quot;,&quot;load_more_id&quot;:&quot;&quot;,&quot;load_more_type&quot;:&quot;click&quot;,&quot;load_more_offset&quot;:{&quot;unit&quot;:&quot;px&quot;,&quot;size&quot;:0,&quot;sizes&quot;:[]},&quot;use_custom_post_types&quot;:&quot;&quot;,&quot;custom_post_types&quot;:[],&quot;hide_widget_if&quot;:&quot;&quot;,&quot;carousel_enabled&quot;:&quot;&quot;,&quot;slides_to_scroll&quot;:&quot;1&quot;,&quot;arrows&quot;:&quot;true&quot;,&quot;arrow_icon&quot;:&quot;fa fa-angle-left&quot;,&quot;dots&quot;:&quot;&quot;,&quot;autoplay&quot;:&quot;true&quot;,&quot;pause_on_hover&quot;:&quot;true&quot;,&quot;autoplay_speed&quot;:5000,&quot;infinite&quot;:&quot;true&quot;,&quot;center_mode&quot;:&quot;&quot;,&quot;effect&quot;:&quot;slide&quot;,&quot;speed&quot;:500,&quot;inject_alternative_items&quot;:&quot;&quot;,&quot;injection_items&quot;:[],&quot;scroll_slider_enabled&quot;:&quot;&quot;,&quot;scroll_slider_on&quot;:[&quot;desktop&quot;,&quot;tablet&quot;,&quot;mobile&quot;],&quot;custom_query&quot;:&quot;yes&quot;,&quot;custom_query_id&quot;:&quot;10&quot;,&quot;_element_id&quot;:&quot;&quot;,&quot;collapse_first_last_gap&quot;:false,&quot;list_tag_selection&quot;:&quot;&quot;,&quot;list_items_wrapper_tag&quot;:&quot;div&quot;,&quot;list_item_tag&quot;:&quot;div&quot;,&quot;empty_items_wrapper_tag&quot;:&quot;div&quot;}}\" data-page=\"1\" data-pages=\"1\" data-listing-source=\"query\" data-listing-id=\"993\" data-query-id=\"10\"><div class=\"jet-listing-grid__item jet-listing-dynamic-post-2 jet-equal-columns\" data-post-id=\"2\"  >\t\t<div data-elementor-type=\"jet-listing-items\" data-elementor-id=\"1952\" class=\"elementor elementor-1952 elementor-993\" data-elementor-post-type=\"jet-engine\">\n\t\t\t\t<div class=\"elementor-element elementor-element-a054a6b e-flex e-con-boxed e-con e-parent\" data-id=\"a054a6b\" data-element_type=\"container\">\n\t\t\t\t\t<div class=\"e-con-inner\">\n\t\t\t\t<div class=\"jet-popup-target elementor-element elementor-element-14cd6db elementor-widget__width-initial e-transform elementor-widget elementor-widget-jet-listing-dynamic-image\" data-jet-popup=\"{&quot;attached-popup&quot;:&quot;jet-popup-&quot;,&quot;trigger-type&quot;:&quot;click-self&quot;,&quot;trigger-custom-selector&quot;:&quot;&quot;,&quot;is-jet-engine&quot;:true,&quot;cct_slug&quot;:&quot;crusts&quot;}\" data-id=\"14cd6db\" data-element_type=\"widget\" data-settings=\"{&quot;_transform_scale_effect_hover&quot;:{&quot;unit&quot;:&quot;px&quot;,&quot;size&quot;:1.05,&quot;sizes&quot;:[]}}\" data-widget_type=\"jet-listing-dynamic-image.default\">\n\t\t\t\t<div class=\"elementor-widget-container\">\n\t\t\t\t\t<div class=\"jet-listing jet-listing-dynamic-image\" ><img fetchpriority=\"high\" decoding=\"async\" width=\"600\" height=\"712\" src=\"https:\/\/www.oggifoods.ca\/wp-content\/uploads\/2023\/05\/OGG-220-Cauliflower-Crust-Twin-Pack-CDN-3D-HIGH-Front.webp\" class=\"jet-listing-dynamic-image__img attachment-medium_large size-medium_large\" alt=\"\" srcset=\"https:\/\/www.oggifoods.ca\/wp-content\/uploads\/2023\/05\/OGG-220-Cauliflower-Crust-Twin-Pack-CDN-3D-HIGH-Front.webp 600w, https:\/\/www.oggifoods.ca\/wp-content\/uploads\/2023\/05\/OGG-220-Cauliflower-Crust-Twin-Pack-CDN-3D-HIGH-Front-253x300.webp 253w\" sizes=\"(max-width: 600px) 100vw, 600px\" loading=\"eager\" \/><\/div>\t\t\t\t<\/div>\n\t\t\t\t<\/div>\n\t\t\t\t\t<\/div>\n\t\t\t\t<\/div>\n\t\t\t\t<\/div>\n\t\t<\/div><div class=\"jet-listing-grid__item jet-listing-dynamic-post-1 jet-equal-columns\" data-post-id=\"1\"  >\t\t<div data-elementor-type=\"jet-listing-items\" data-elementor-id=\"1952\" class=\"elementor elementor-1952 elementor-993\" data-elementor-post-type=\"jet-engine\">\n\t\t\t\t<div class=\"elementor-element elementor-element-a054a6b e-flex e-con-boxed e-con e-parent\" data-id=\"a054a6b\" data-element_type=\"container\">\n\t\t\t\t\t<div class=\"e-con-inner\">\n\t\t\t\t<div class=\"jet-popup-target elementor-element elementor-element-14cd6db elementor-widget__width-initial e-transform elementor-widget elementor-widget-jet-listing-dynamic-image\" data-jet-popup=\"{&quot;attached-popup&quot;:&quot;jet-popup-&quot;,&quot;trigger-type&quot;:&quot;click-self&quot;,&quot;trigger-custom-selector&quot;:&quot;&quot;,&quot;is-jet-engine&quot;:true,&quot;cct_slug&quot;:&quot;crusts&quot;}\" data-id=\"14cd6db\" data-element_type=\"widget\" data-settings=\"{&quot;_transform_scale_effect_hover&quot;:{&quot;unit&quot;:&quot;px&quot;,&quot;size&quot;:1.05,&quot;sizes&quot;:[]}}\" data-widget_type=\"jet-listing-dynamic-image.default\">\n\t\t\t\t<div class=\"elementor-widget-container\">\n\t\t\t\t\t<div class=\"jet-listing jet-listing-dynamic-image\" ><img decoding=\"async\" width=\"600\" height=\"712\" src=\"https:\/\/www.oggifoods.ca\/wp-content\/uploads\/2023\/05\/OGG-787-Butternut-Squash-Twin-CDN-HIGH-Front.webp\" class=\"jet-listing-dynamic-image__img attachment-medium_large size-medium_large\" alt=\"\" srcset=\"https:\/\/www.oggifoods.ca\/wp-content\/uploads\/2023\/05\/OGG-787-Butternut-Squash-Twin-CDN-HIGH-Front.webp 600w, https:\/\/www.oggifoods.ca\/wp-content\/uploads\/2023\/05\/OGG-787-Butternut-Squash-Twin-CDN-HIGH-Front-253x300.webp 253w\" sizes=\"(max-width: 600px) 100vw, 600px\" loading=\"eager\" \/><\/div>\t\t\t\t<\/div>\n\t\t\t\t<\/div>\n\t\t\t\t\t<\/div>\n\t\t\t\t<\/div>\n\t\t\t\t<\/div>\n\t\t<\/div><\/div><\/div>\t\t\t\t<\/div>\n\t\t\t\t<\/div>\n\t\t\t\t\t<\/div>\n\t\t\t\t<\/div>\n\t\t\t\t<\/div>\n\t\t","protected":false},"excerpt":{"rendered":"<p>Cro\u00fbtes Notre p\u00e2te \u00e0 pizza est fabriqu\u00e9e sans OGM, gluten, \u0153ufs ou produits laitiers. Fid\u00e8les \u00e0 notre h\u00e9ritage familial napolitain, nos cro\u00fbtes sont \u00e9tir\u00e9es \u00e0 la main et cuites sur pierre. Le r\u00e9sultat est parfait : une saveur et une texture napolitaines authentiques.<\/p>\n","protected":false},"author":12,"featured_media":0,"parent":1826,"menu_order":2,"comment_status":"closed","ping_status":"closed","template":"","meta":{"_acf_changed":false,"footnotes":""},"class_list":["post-1848","page","type-page","status-publish","hentry"],"acf":[],"aioseo_notices":[],"_links":{"self":[{"href":"https:\/\/www.oggifoods.ca\/fr\/wp-json\/wp\/v2\/pages\/1848","targetHints":{"allow":["GET"]}}],"collection":[{"href":"https:\/\/www.oggifoods.ca\/fr\/wp-json\/wp\/v2\/pages"}],"about":[{"href":"https:\/\/www.oggifoods.ca\/fr\/wp-json\/wp\/v2\/types\/page"}],"author":[{"embeddable":true,"href":"https:\/\/www.oggifoods.ca\/fr\/wp-json\/wp\/v2\/users\/12"}],"replies":[{"embeddable":true,"href":"https:\/\/www.oggifoods.ca\/fr\/wp-json\/wp\/v2\/comments?post=1848"}],"version-history":[{"count":5,"href":"https:\/\/www.oggifoods.ca\/fr\/wp-json\/wp\/v2\/pages\/1848\/revisions"}],"predecessor-version":[{"id":3582,"href":"https:\/\/www.oggifoods.ca\/fr\/wp-json\/wp\/v2\/pages\/1848\/revisions\/3582"}],"up":[{"embeddable":true,"href":"https:\/\/www.oggifoods.ca\/fr\/wp-json\/wp\/v2\/pages\/1826"}],"wp:attachment":[{"href":"https:\/\/www.oggifoods.ca\/fr\/wp-json\/wp\/v2\/media?parent=1848"}],"curies":[{"name":"wp","href":"https:\/\/api.w.org\/{rel}","templated":true}]}}